{"id":2684,"date":"2024-12-02T18:43:14","date_gmt":"2024-12-02T17:43:14","guid":{"rendered":"https:\/\/derksallesiscommunicatie.nl\/?page_id=2684"},"modified":"2025-03-09T14:15:50","modified_gmt":"2025-03-09T13:15:50","slug":"filosofisch-cafe","status":"publish","type":"page","link":"https:\/\/derksallesiscommunicatie.nl\/en\/filosofisch-cafe\/","title":{"rendered":"Philosophical cafe"},"content":{"rendered":"<div id=\"pl-2684\"  class=\"panel-layout\" ><div id=\"pg-2684-0\"  class=\"panel-grid panel-has-style\" ><div class=\"siteorigin-panels-stretch panel-row-style panel-row-style-for-2684-0\" data-stretch-type=\"full-width-stretch\" ><div id=\"pgc-2684-0-0\"  class=\"panel-grid-cell panel-grid-cell-mobile-last\" ><div id=\"panel-2684-0-0-0\" class=\"so-panel widget widget_sow-editor panel-first-child panel-last-child\" data-index=\"0\" ><div\n\t\t\t\n\t\t\tclass=\"so-widget-sow-editor so-widget-sow-editor-base\"\n\t\t\t\n\t\t>\n<div class=\"siteorigin-widget-tinymce textwidget\">\n\t<h1><span style=\"padding: 10px; background-color: rgba(255, 255, 255, 0.7); color: #000000; line-height: 73px;\">Philosophical cafe<\/span><\/h1>\n<\/div>\n<\/div><\/div><\/div><div id=\"pgc-2684-0-1\"  class=\"panel-grid-cell panel-grid-cell-empty\" ><\/div><\/div><\/div><div id=\"pg-2684-1\"  class=\"panel-grid panel-no-style\" ><div id=\"pgc-2684-1-0\"  class=\"panel-grid-cell\" ><div id=\"panel-2684-1-0-0\" class=\"so-panel widget widget_sow-editor panel-first-child panel-last-child\" data-index=\"1\" ><div\n\t\t\t\n\t\t\tclass=\"so-widget-sow-editor so-widget-sow-editor-base\"\n\t\t\t\n\t\t>\n<div class=\"siteorigin-widget-tinymce textwidget\">\n\t<h2>Filosofisch Caf\u00e9: ontdek filosofen en nieuwe perspectieven<\/h2>\n<p>Filosofie is niet saai of moeilijk - het is juist superinteressant! Kom ook eens naar het Filosofisch Caf\u00e9 en maak het mee!<\/p>\n<p>In een informele en interactieve setting hoor je over diverse filosofen en doe je inzichten op die je kunt toepassen in de dagelijkse praktijk.<\/p>\n<p><strong>Wat is het Filosofisch Caf\u00e9?<\/strong><\/p>\n<p>Het Filosofisch Caf\u00e9 is een laagdrempelige en gezellige ontmoetingsplek voor iedereen die ge\u00efnteresseerd is in filosofie en het verkennen van idee\u00ebn. Iedere bijeenkomst draait om een specifiek thema, vraag of dilemma. Je hoort hoe verschillende filosofen over onderwerpen dachten, en denken!<\/p>\n<p><strong>What can you expect?<\/strong><\/p>\n<ul>\n<li><strong>Interessante inzichten<\/strong>: we behandelen onderwerpen als autonomie, vrije wil, ethiek, verantwoordelijkheid, vriendschap, en meer.<\/li>\n<li><strong>New perspectives<\/strong>: door filosofische kennis kun je nieuwe perspectieven ontdekken en je gedachten verdiepen.<\/li>\n<li><strong>Cozy atmosphere<\/strong>: het Filosofisch Caf\u00e9 is een informele omgeving.<\/li>\n<li><strong>Inspirational themes<\/strong>: elke bijeenkomst heeft een thema dat verbonden wordt aan de dagelijkse praktijk.<\/li>\n<\/ul>\n<p><strong>Why participate in the Philosophical Caf\u00e9?<\/strong><\/p>\n<ul>\n<li><strong>Verken vragen<\/strong>: waarom maken we bepaalde keuzes? Wat betekent vrije wil? In het Filosofisch Caf\u00e9 kun je zulke vragen verkennen.<\/li>\n<li><strong>Meet other curious persons<\/strong>: een plek voor nieuwsgierige geesten.<\/li>\n<li><strong>Stimulans voor persoonlijke groei<\/strong>: filosofie helpt om het denken te verdiepen en zelfbewustzijn te ontwikkelen.<\/li>\n<li><strong>Strenghten your communication skills<\/strong>: door te luisteren, idee\u00ebn van meerdere kanten te bekijken en meningen te verkennen.<\/li>\n<\/ul>\n<p>Je hoeft geen kennis te hebben van filosofie, alles valt te begrijpen. In het Filosofisch Caf\u00e9 kun je je gedachten de ruimte geven in een ontspannen en inspirerende omgeving.<\/p>\n<p><strong>Ook zin om je perspectivistische lenigheid te bevorderen?<\/strong> Kom naar het Filosofisch Caf\u00e9! In deze \"Sportschool voor de Geest\" is het gemakkelijk om je geest scherp te houden! Meld je aan en verzeker je plek!<\/p>\n<\/div>\n<\/div><\/div><\/div><div id=\"pgc-2684-1-1\"  class=\"panel-grid-cell\" ><div id=\"panel-2684-1-1-0\" class=\"so-panel widget widget_sow-image panel-first-child panel-last-child\" data-index=\"2\" ><div\n\t\t\t\n\t\t\tclass=\"so-widget-sow-image so-widget-sow-image-default-8b5b6f678277-2684\"\n\t\t\t\n\t\t>\n<div class=\"sow-image-container\">\n\t\t<img \n\tsrc=\"https:\/\/derksallesiscommunicatie.nl\/wp-content\/uploads\/2024\/12\/praat-eens-met-een-filosoof-2.png\" width=\"400\" height=\"376\" srcset=\"https:\/\/derksallesiscommunicatie.nl\/wp-content\/uploads\/2024\/12\/praat-eens-met-een-filosoof-2.png 400w, https:\/\/derksallesiscommunicatie.nl\/wp-content\/uploads\/2024\/12\/praat-eens-met-een-filosoof-2-300x282.png 300w, https:\/\/derksallesiscommunicatie.nl\/wp-content\/uploads\/2024\/12\/praat-eens-met-een-filosoof-2-13x12.png 13w\" sizes=\"(max-width: 400px) 100vw, 400px\" alt=\"\" \t\tclass=\"so-widget-image\"\/>\n\t<\/div>\n\n<\/div><\/div><\/div><\/div><div id=\"pg-2684-2\"  class=\"panel-grid panel-has-style\" ><div class=\"berichten trainingcoaching siteorigin-panels-stretch panel-row-style panel-row-style-for-2684-2\" data-stretch-type=\"full\" ><div id=\"pgc-2684-2-0\"  class=\"panel-grid-cell\" ><div id=\"panel-2684-2-0-0\" class=\"widget_text so-panel widget widget_custom_html panel-first-child\" data-index=\"3\" ><div class=\"textwidget custom-html-widget\"><article class=\"post-2643 post type-post status-publish format-standard has-post-thumbnail hentry category-filosofisch-cafe masonry-post generate-columns tablet-grid-50 mobile-grid-100 grid-parent grid-33\" itemtype=\"https:\/\/schema.org\/CreativeWork\" itemscope=\"\"><div class=\"inside-article\"><header class=\"entry-header\">\n<h2 class=\"entry-title\" itemprop=\"headline\"><a href=\"https:\/\/derksallesiscommunicatie.nl\/en\/filosofisch-cafe-donderdagavond-28-mei-2026\/\">Philosophical cafe <i>donderdagavond 28 mei 2026<\/i><\/a><\/h2><\/header><div class=\"post-image\"><a href=\"https:\/\/derksallesiscommunicatie.nl\/en\/filosofisch-cafe-donderdagavond-28-mei-2026\/\"><img loading=\"lazy\" decoding=\"async\" width=\"300\" height=\"200\" src=\"https:\/\/derksallesiscommunicatie.nl\/wp-content\/uploads\/2020\/09\/pexels-kaboompics-com-6385-300x200.jpg\" class=\"attachment-medium size-medium wp-post-image\" alt=\"\" srcset=\"https:\/\/derksallesiscommunicatie.nl\/wp-content\/uploads\/2020\/09\/pexels-kaboompics-com-6385-300x200.jpg 300w, https:\/\/derksallesiscommunicatie.nl\/wp-content\/uploads\/2020\/09\/pexels-kaboompics-com-6385-1024x683.jpg 1024w, https:\/\/derksallesiscommunicatie.nl\/wp-content\/uploads\/2020\/09\/pexels-kaboompics-com-6385-768x512.jpg 768w, https:\/\/derksallesiscommunicatie.nl\/wp-content\/uploads\/2020\/09\/pexels-kaboompics-com-6385-1536x1024.jpg 1536w, https:\/\/derksallesiscommunicatie.nl\/wp-content\/uploads\/2020\/09\/pexels-kaboompics-com-6385-2048x1366.jpg 2048w, https:\/\/derksallesiscommunicatie.nl\/wp-content\/uploads\/2020\/09\/pexels-kaboompics-com-6385-272x182.jpg 272w\" sizes=\"auto, (max-width: 300px) 100vw, 300px\" \/><\/a><\/div><div class=\"entry-summary\" itemprop=\"text\">Philosophical caf\u00e9 (in Dutch) with changing philosophical themes. The ideas of different philosophers are explained, after which we discuss a theme together. Informal meeting, no prior philosophical knowledge required, philosophical interest is enough. After registration you will receive information about location and payment. <a href=\"https:\/\/derksallesiscommunicatie.nl\/en\/filosofisch-cafe-donderdagavond-28-mei-2026\/\" class=\"readmore-link\">Lees meer <span>&raquo;<\/span><\/a><\/div><footer class=\"entry-meta\" aria-label=\"Berichtmeta\">\n<span class=\"cat-links\"><span class=\"screen-reader-text\">Categorie\u00ebn <\/span><a href=\"https:\/\/derksallesiscommunicatie.nl\/en\/category\/filosofisch-cafe\/\" rel=\"category tag\">Philosophical cafe<\/a><\/span><\/footer><\/div><\/article><\/div><\/div><div id=\"panel-2684-2-0-1\" class=\"so-panel widget widget_sow-button panel-last-child\" data-index=\"4\" ><div class=\"panel-widget-style panel-widget-style-for-2684-2-0-1\" ><div\n\t\t\t\n\t\t\tclass=\"so-widget-sow-button so-widget-sow-button-wire-0dc910fb56fc-2684\"\n\t\t\t\n\t\t><div class=\"ow-button-base ow-button-align-center\"\n>\n\t\t\t<a\n\t\t\t\t\thref=\"https:\/\/derksallesiscommunicatie.nl\/en\/aanbod\/\"\n\t\t\t\t\tclass=\"sowb-button ow-icon-placement-left ow-button-hover\" \t>\n\t\t<span>\n\t\t\t\n\t\t\tAANBOD\t\t<\/span>\n\t\t\t<\/a>\n\t<\/div>\n<\/div><\/div><\/div><\/div><\/div><\/div><\/div>","protected":false},"excerpt":{"rendered":"<p>Filosofisch Caf\u00e9 Filosofisch Caf\u00e9: ontdek filosofen en nieuwe perspectieven Filosofie is niet saai of moeilijk &#8211; het is juist superinteressant! Kom ook eens naar het &#8230; <a title=\"Philosophical cafe\" class=\"read-more\" href=\"https:\/\/derksallesiscommunicatie.nl\/en\/filosofisch-cafe\/\" aria-label=\"Read more about Filosofisch Caf\u00e9\">Read more<\/a><\/p>","protected":false},"author":1,"featured_media":0,"parent":0,"menu_order":0,"comment_status":"closed","ping_status":"closed","template":"","meta":{"_glsr_average":0,"_glsr_ranking":0,"_glsr_reviews":0,"footnotes":""},"class_list":["post-2684","page","type-page","status-publish"],"yoast_head":"<!-- This site is optimized with the Yoast SEO plugin v27.4 - https:\/\/yoast.com\/product\/yoast-seo-wordpress\/ -->\n<title>Filosofisch Caf\u00e9 - derksallesiscommunicatie.nl<\/title>\n<meta name=\"robots\" content=\"index, follow, max-snippet:-1, max-image-preview:large, max-video-preview:-1\" \/>\n<link rel=\"canonical\" href=\"https:\/\/derksallesiscommunicatie.nl\/en\/filosofisch-cafe\/\" \/>\n<meta property=\"og:locale\" content=\"en_GB\" \/>\n<meta property=\"og:type\" content=\"article\" \/>\n<meta property=\"og:title\" content=\"Filosofisch Caf\u00e9 - derksallesiscommunicatie.nl\" \/>\n<meta property=\"og:description\" content=\"Filosofisch Caf\u00e9 Filosofisch Caf\u00e9: ontdek filosofen en nieuwe perspectieven Filosofie is niet saai of moeilijk - het is juist superinteressant! Kom ook eens naar het ... Read more\" \/>\n<meta property=\"og:url\" content=\"https:\/\/derksallesiscommunicatie.nl\/en\/filosofisch-cafe\/\" \/>\n<meta property=\"og:site_name\" content=\"derksallesiscommunicatie.nl\" \/>\n<meta property=\"article:modified_time\" content=\"2025-03-09T13:15:50+00:00\" \/>\n<meta name=\"twitter:card\" content=\"summary_large_image\" \/>\n<meta name=\"twitter:label1\" content=\"Estimated reading time\" \/>\n\t<meta name=\"twitter:data1\" content=\"3 minutes\" \/>\n<script type=\"application\/ld+json\" class=\"yoast-schema-graph\">{\"@context\":\"https:\\\/\\\/schema.org\",\"@graph\":[{\"@type\":\"WebPage\",\"@id\":\"https:\\\/\\\/derksallesiscommunicatie.nl\\\/filosofisch-cafe\\\/\",\"url\":\"https:\\\/\\\/derksallesiscommunicatie.nl\\\/filosofisch-cafe\\\/\",\"name\":\"Filosofisch Caf\u00e9 - derksallesiscommunicatie.nl\",\"isPartOf\":{\"@id\":\"https:\\\/\\\/derksallesiscommunicatie.nl\\\/#website\"},\"datePublished\":\"2024-12-02T17:43:14+00:00\",\"dateModified\":\"2025-03-09T13:15:50+00:00\",\"breadcrumb\":{\"@id\":\"https:\\\/\\\/derksallesiscommunicatie.nl\\\/filosofisch-cafe\\\/#breadcrumb\"},\"inLanguage\":\"en-GB\",\"potentialAction\":[{\"@type\":\"ReadAction\",\"target\":[\"https:\\\/\\\/derksallesiscommunicatie.nl\\\/filosofisch-cafe\\\/\"]}]},{\"@type\":\"BreadcrumbList\",\"@id\":\"https:\\\/\\\/derksallesiscommunicatie.nl\\\/filosofisch-cafe\\\/#breadcrumb\",\"itemListElement\":[{\"@type\":\"ListItem\",\"position\":1,\"name\":\"Home\",\"item\":\"https:\\\/\\\/derksallesiscommunicatie.nl\\\/\"},{\"@type\":\"ListItem\",\"position\":2,\"name\":\"Filosofisch Caf\u00e9\"}]},{\"@type\":\"WebSite\",\"@id\":\"https:\\\/\\\/derksallesiscommunicatie.nl\\\/#website\",\"url\":\"https:\\\/\\\/derksallesiscommunicatie.nl\\\/\",\"name\":\"derksallesiscommunicatie.nl\",\"description\":\"Inzicht in communicatie met jezelf en anderen\",\"publisher\":{\"@id\":\"https:\\\/\\\/derksallesiscommunicatie.nl\\\/#organization\"},\"potentialAction\":[{\"@type\":\"SearchAction\",\"target\":{\"@type\":\"EntryPoint\",\"urlTemplate\":\"https:\\\/\\\/derksallesiscommunicatie.nl\\\/?s={search_term_string}\"},\"query-input\":{\"@type\":\"PropertyValueSpecification\",\"valueRequired\":true,\"valueName\":\"search_term_string\"}}],\"inLanguage\":\"en-GB\"},{\"@type\":\"Organization\",\"@id\":\"https:\\\/\\\/derksallesiscommunicatie.nl\\\/#organization\",\"name\":\"derksallesiscommunicatie.nl\",\"url\":\"https:\\\/\\\/derksallesiscommunicatie.nl\\\/\",\"logo\":{\"@type\":\"ImageObject\",\"inLanguage\":\"en-GB\",\"@id\":\"https:\\\/\\\/derksallesiscommunicatie.nl\\\/#\\\/schema\\\/logo\\\/image\\\/\",\"url\":\"https:\\\/\\\/derksallesiscommunicatie.nl\\\/wp-content\\\/uploads\\\/2019\\\/12\\\/logo-derks-allesiscommunicatie-2.png\",\"contentUrl\":\"https:\\\/\\\/derksallesiscommunicatie.nl\\\/wp-content\\\/uploads\\\/2019\\\/12\\\/logo-derks-allesiscommunicatie-2.png\",\"width\":560,\"height\":280,\"caption\":\"derksallesiscommunicatie.nl\"},\"image\":{\"@id\":\"https:\\\/\\\/derksallesiscommunicatie.nl\\\/#\\\/schema\\\/logo\\\/image\\\/\"}}]}<\/script>\n<!-- \/ Yoast SEO plugin. -->","yoast_head_json":{"title":"Filosofisch Caf\u00e9 - derksallesiscommunicatie.nl","robots":{"index":"index","follow":"follow","max-snippet":"max-snippet:-1","max-image-preview":"max-image-preview:large","max-video-preview":"max-video-preview:-1"},"canonical":"https:\/\/derksallesiscommunicatie.nl\/en\/filosofisch-cafe\/","og_locale":"en_GB","og_type":"article","og_title":"Filosofisch Caf\u00e9 - derksallesiscommunicatie.nl","og_description":"Filosofisch Caf\u00e9 Filosofisch Caf\u00e9: ontdek filosofen en nieuwe perspectieven Filosofie is niet saai of moeilijk - het is juist superinteressant! Kom ook eens naar het ... Read more","og_url":"https:\/\/derksallesiscommunicatie.nl\/en\/filosofisch-cafe\/","og_site_name":"derksallesiscommunicatie.nl","article_modified_time":"2025-03-09T13:15:50+00:00","twitter_card":"summary_large_image","twitter_misc":{"Estimated reading time":"3 minutes"},"schema":{"@context":"https:\/\/schema.org","@graph":[{"@type":"WebPage","@id":"https:\/\/derksallesiscommunicatie.nl\/filosofisch-cafe\/","url":"https:\/\/derksallesiscommunicatie.nl\/filosofisch-cafe\/","name":"Filosofisch Caf\u00e9 - derksallesiscommunicatie.nl","isPartOf":{"@id":"https:\/\/derksallesiscommunicatie.nl\/#website"},"datePublished":"2024-12-02T17:43:14+00:00","dateModified":"2025-03-09T13:15:50+00:00","breadcrumb":{"@id":"https:\/\/derksallesiscommunicatie.nl\/filosofisch-cafe\/#breadcrumb"},"inLanguage":"en-GB","potentialAction":[{"@type":"ReadAction","target":["https:\/\/derksallesiscommunicatie.nl\/filosofisch-cafe\/"]}]},{"@type":"BreadcrumbList","@id":"https:\/\/derksallesiscommunicatie.nl\/filosofisch-cafe\/#breadcrumb","itemListElement":[{"@type":"ListItem","position":1,"name":"Home","item":"https:\/\/derksallesiscommunicatie.nl\/"},{"@type":"ListItem","position":2,"name":"Filosofisch Caf\u00e9"}]},{"@type":"WebSite","@id":"https:\/\/derksallesiscommunicatie.nl\/#website","url":"https:\/\/derksallesiscommunicatie.nl\/","name":"derksallesiscommunicatie.nl","description":"Inzicht in communicatie met jezelf en anderen","publisher":{"@id":"https:\/\/derksallesiscommunicatie.nl\/#organization"},"potentialAction":[{"@type":"SearchAction","target":{"@type":"EntryPoint","urlTemplate":"https:\/\/derksallesiscommunicatie.nl\/?s={search_term_string}"},"query-input":{"@type":"PropertyValueSpecification","valueRequired":true,"valueName":"search_term_string"}}],"inLanguage":"en-GB"},{"@type":"Organization","@id":"https:\/\/derksallesiscommunicatie.nl\/#organization","name":"derksallesiscommunicatie.nl","url":"https:\/\/derksallesiscommunicatie.nl\/","logo":{"@type":"ImageObject","inLanguage":"en-GB","@id":"https:\/\/derksallesiscommunicatie.nl\/#\/schema\/logo\/image\/","url":"https:\/\/derksallesiscommunicatie.nl\/wp-content\/uploads\/2019\/12\/logo-derks-allesiscommunicatie-2.png","contentUrl":"https:\/\/derksallesiscommunicatie.nl\/wp-content\/uploads\/2019\/12\/logo-derks-allesiscommunicatie-2.png","width":560,"height":280,"caption":"derksallesiscommunicatie.nl"},"image":{"@id":"https:\/\/derksallesiscommunicatie.nl\/#\/schema\/logo\/image\/"}}]}},"publishpress_future_action":{"enabled":false,"date":"2026-04-30 19:16:42","action":"change-status","newStatus":"draft","terms":[],"taxonomy":"","extraData":[]},"publishpress_future_workflow_manual_trigger":{"enabledWorkflows":[]},"_links":{"self":[{"href":"https:\/\/derksallesiscommunicatie.nl\/en\/wp-json\/wp\/v2\/pages\/2684","targetHints":{"allow":["GET"]}}],"collection":[{"href":"https:\/\/derksallesiscommunicatie.nl\/en\/wp-json\/wp\/v2\/pages"}],"about":[{"href":"https:\/\/derksallesiscommunicatie.nl\/en\/wp-json\/wp\/v2\/types\/page"}],"author":[{"embeddable":true,"href":"https:\/\/derksallesiscommunicatie.nl\/en\/wp-json\/wp\/v2\/users\/1"}],"replies":[{"embeddable":true,"href":"https:\/\/derksallesiscommunicatie.nl\/en\/wp-json\/wp\/v2\/comments?post=2684"}],"version-history":[{"count":26,"href":"https:\/\/derksallesiscommunicatie.nl\/en\/wp-json\/wp\/v2\/pages\/2684\/revisions"}],"predecessor-version":[{"id":2954,"href":"https:\/\/derksallesiscommunicatie.nl\/en\/wp-json\/wp\/v2\/pages\/2684\/revisions\/2954"}],"wp:attachment":[{"href":"https:\/\/derksallesiscommunicatie.nl\/en\/wp-json\/wp\/v2\/media?parent=2684"}],"curies":[{"name":"wp","href":"https:\/\/api.w.org\/{rel}","templated":true}]}}